{"id":2538,"date":"2026-04-04T12:30:57","date_gmt":"2026-04-04T10:30:57","guid":{"rendered":"https:\/\/sensualtouchbudapest.com\/?page_id=2538"},"modified":"2026-04-17T11:47:37","modified_gmt":"2026-04-17T09:47:37","slug":"body-to-body","status":"publish","type":"page","link":"https:\/\/sensualtouchbudapest.com\/hu_hu\/body-to-body\/","title":{"rendered":"Body to Body"},"content":{"rendered":"<style>.kb-row-layout-id2538_596a11-05 > .kt-row-column-wrap{align-content:start;}:where(.kb-row-layout-id2538_596a11-05 > .kt-row-column-wrap) > .wp-block-kadence-column{justify-content:start;}.kb-row-layout-id2538_596a11-05 > .kt-row-column-wrap{column-gap:var(--global-kb-gap-md, 2rem);row-gap:var(--global-kb-gap-md, 2rem);padding-top:var(--global-kb-spacing-5xl, 10rem);padding-bottom:var(--global-kb-spacing-5xl, 10rem);grid-template-columns:minmax(0, 1fr);}.kb-row-layout-id2538_596a11-05{background-image:url('https:\/\/sensualtouchbudapest.com\/wp-content\/uploads\/2025\/09\/logan-weaver-lgnwvr-8Pka34iTUAI-unsplash-scaled-1.jpg');background-size:cover;background-position:center center;background-attachment:scroll;background-repeat:no-repeat;}.kb-row-layout-id2538_596a11-05 > .kt-row-layout-overlay{opacity:0.30;}@media all and (max-width: 1024px){.kb-row-layout-id2538_596a11-05 > .kt-row-column-wrap{grid-template-columns:minmax(0, 1fr);}}@media all and (max-width: 767px){.kb-row-layout-id2538_596a11-05 > .kt-row-column-wrap{grid-template-columns:minmax(0, 1fr);}}<\/style><div class=\"kb-row-layout-wrap kb-row-layout-id2538_596a11-05 alignnone kt-row-has-bg wp-block-kadence-rowlayout\"><div class=\"kt-row-column-wrap kt-has-1-columns kt-row-layout-equal kt-tab-layout-inherit kt-mobile-layout-row kt-row-valign-top\">\n<style>.kadence-column2538_5f7bad-84 > .kt-inside-inner-col,.kadence-column2538_5f7bad-84 > .kt-inside-inner-col:before{border-top-left-radius:0px;border-top-right-radius:0px;border-bottom-right-radius:0px;border-bottom-left-radius:0px;}.kadence-column2538_5f7bad-84 > .kt-inside-inner-col{column-gap:var(--global-kb-gap-sm, 1rem);}.kadence-column2538_5f7bad-84 > .kt-inside-inner-col{flex-direction:column;}.kadence-column2538_5f7bad-84 > .kt-inside-inner-col > .aligncenter{width:100%;}.kadence-column2538_5f7bad-84 > .kt-inside-inner-col:before{opacity:0.3;}.kadence-column2538_5f7bad-84{position:relative;}@media all and (max-width: 1024px){.kadence-column2538_5f7bad-84 > .kt-inside-inner-col{flex-direction:column;justify-content:center;}}@media all and (max-width: 767px){.kadence-column2538_5f7bad-84 > .kt-inside-inner-col{flex-direction:column;justify-content:center;}}<\/style>\n<div class=\"wp-block-kadence-column kadence-column2538_5f7bad-84\"><div class=\"kt-inside-inner-col\"><style>.wp-block-kadence-column.kb-section-dir-horizontal > .kt-inside-inner-col > .kt-info-box2538_add2ff-f1 .kt-blocks-info-box-link-wrap{max-width:unset;}.kt-info-box2538_add2ff-f1 .kt-blocks-info-box-link-wrap{background:rgba(0,0,0,0);padding-top:var(--global-kb-spacing-xs, 1rem);padding-right:var(--global-kb-spacing-xs, 1rem);padding-bottom:var(--global-kb-spacing-xs, 1rem);padding-left:var(--global-kb-spacing-xs, 1rem);}.kt-info-box2538_add2ff-f1 .kadence-info-box-icon-container .kt-info-svg-icon, .kt-info-box2538_add2ff-f1 .kt-info-svg-icon-flip, .kt-info-box2538_add2ff-f1 .kt-blocks-info-box-number{font-size:50px;}.kt-info-box2538_add2ff-f1 .kt-blocks-info-box-media{border-top-width:0px;border-right-width:0px;border-bottom-width:0px;border-left-width:0px;padding-top:10px;padding-right:10px;padding-bottom:10px;padding-left:10px;}.kt-info-box2538_add2ff-f1 .kt-blocks-info-box-media-container{margin-top:0px;margin-right:15px;margin-bottom:0px;margin-left:15px;}.kt-info-box2538_add2ff-f1 .kt-infobox-textcontent h2.kt-blocks-info-box-title{color:#ffffff;}.kt-info-box2538_add2ff-f1 .kt-infobox-textcontent .kt-blocks-info-box-text{color:#ffffff;}.kt-info-box2538_add2ff-f1 .kt-blocks-info-box-learnmore{background:transparent;border-width:0px 0px 0px 0px;padding-top:4px;padding-right:8px;padding-bottom:4px;padding-left:8px;margin-top:10px;margin-right:0px;margin-bottom:10px;margin-left:0px;}<\/style>\n<div class=\"wp-block-kadence-infobox kt-info-box2538_add2ff-f1\"><span class=\"kt-blocks-info-box-link-wrap info-box-link kt-blocks-info-box-media-align-top kt-info-halign-center\"><div class=\"kt-infobox-textcontent\"><h2 class=\"kt-blocks-info-box-title\">Body to body massage in budapest<br><\/h2><p class=\"kt-blocks-info-box-text\">Experience the ultimate erotic massage in Budapest, designed for those who seek deep relaxation combined with sensual connection. <br><br>This unique massage technique goes beyond traditional methods by using full body contact to create a smooth, flowing and intimate <br><br>experience.<br><br>Our body to body massage Budapest service is carefully designed to awaken the senses while helping you completely relax and disconnect from<br><br> everyday stress. Warm oils, soft touch techniques and synchronized movements create a calming yet exciting atmosphere that makes every <br><br>session unforgettable.<br><br>During the massage, our professional therapists focus on creating a natural rhythm that allows your body and mind to fully unwind. The <br><br> massage in Budapest is not only about physical relaxation, but also about mental release and emotional balance.<br><br>This experience is perfect for guests who are looking for something more than a standard massage. Whether you are visiting Budapest for a <br><br>short stay or searching for a regular escape, this service offers a perfect combination of intimacy, relaxation and pleasure.<br><br>Each session takes place in a private and comfortable environment where discretion and professionalism are always guaranteed. Our goal is to <br><br>provide a personalized experience tailored to your needs, ensuring that every moment feels unique and special.<br><br>Body to body massage Budapest is one of the most popular choices among our guests, as it offers a truly different kind of relaxation that you<br><br> won\u2019t find in traditional massage services. It allows you to let go, recharge and enjoy a deeper level of connection.<br><br>Discover the perfect harmony between relaxation and sensuality and treat yourself to an unforgettable experience in Budapest.<br><br><br><br><\/p><\/div><\/span><\/div>\n\n\n\n<p class=\"has-text-color has-link-color wp-elements-ef0985c2ab157e3aba506da6971a75c8\" style=\"color:#ffffff\"><strong><a href=\"https:\/\/sensualtouchbudapest.com\/\">Experience more sensual services and erotic massage Budapest options on our main page<\/a>.<\/strong><\/p>\n<\/div><\/div>\n\n<\/div><\/div>","protected":false},"excerpt":{"rendered":"<p>Experience more sensual services and erotic massage Budapest options on our main page.<\/p>\n","protected":false},"author":1,"featured_media":0,"parent":0,"menu_order":0,"comment_status":"closed","ping_status":"closed","template":"","meta":{"_kadence_starter_templates_imported_post":false,"_kad_post_transparent":"disable","_kad_post_title":"hide","_kad_post_layout":"fullwidth","_kad_post_sidebar_id":"","_kad_post_content_style":"unboxed","_kad_post_vertical_padding":"hide","_kad_post_feature":"hide","_kad_post_feature_position":"","_kad_post_header":true,"_kad_post_footer":true,"footnotes":""},"class_list":["post-2538","page","type-page","status-publish","hentry"],"yoast_head":"<!-- This site is optimized with the Yoast SEO plugin v25.8 - https:\/\/yoast.com\/wordpress\/plugins\/seo\/ -->\n<title>Body to Body Massage in Budapest<\/title>\n<meta name=\"description\" content=\"Body to body massage Budapest for deep relaxation and sensual experience. Enjoy private, intimate massage in a luxurious environment.\" \/>\n<meta name=\"robots\" content=\"index, follow, max-snippet:-1, max-image-preview:large, max-video-preview:-1\" \/>\n<link rel=\"canonical\" href=\"https:\/\/sensualtouchbudapest.com\/hu_hu\/body-to-body\/\" \/>\n<meta property=\"og:locale\" content=\"hu_HU\" \/>\n<meta property=\"og:type\" content=\"article\" \/>\n<meta property=\"og:title\" content=\"Body to Body Massage in Budapest\" \/>\n<meta property=\"og:description\" content=\"Body to body massage Budapest for deep relaxation and sensual experience. Enjoy private, intimate massage in a luxurious environment.\" \/>\n<meta property=\"og:url\" content=\"https:\/\/sensualtouchbudapest.com\/hu_hu\/body-to-body\/\" \/>\n<meta property=\"og:site_name\" content=\"Sensual Touch\" \/>\n<meta property=\"article:modified_time\" content=\"2026-04-17T09:47:37+00:00\" \/>\n<meta property=\"og:image\" content=\"https:\/\/sensualtouchbudapest.com\/wp-content\/uploads\/2025\/08\/cropped-TS-logo-arany-1.pdf-2-1.png\" \/>\n\t<meta property=\"og:image:width\" content=\"1892\" \/>\n\t<meta property=\"og:image:height\" content=\"1892\" \/>\n\t<meta property=\"og:image:type\" content=\"image\/png\" \/>\n<meta name=\"twitter:card\" content=\"summary_large_image\" \/>\n<meta name=\"twitter:label1\" content=\"Becs\u00fclt olvas\u00e1si id\u0151\" \/>\n\t<meta name=\"twitter:data1\" content=\"2 perc\" \/>\n<script type=\"application\/ld+json\" class=\"yoast-schema-graph\">{\"@context\":\"https:\/\/schema.org\",\"@graph\":[{\"@type\":\"WebPage\",\"@id\":\"https:\/\/sensualtouchbudapest.com\/body-to-body\/\",\"url\":\"https:\/\/sensualtouchbudapest.com\/body-to-body\/\",\"name\":\"Body to Body Massage in Budapest\",\"isPartOf\":{\"@id\":\"https:\/\/sensualtouchbudapest.com\/#website\"},\"datePublished\":\"2026-04-04T10:30:57+00:00\",\"dateModified\":\"2026-04-17T09:47:37+00:00\",\"description\":\"Body to body massage Budapest for deep relaxation and sensual experience. Enjoy private, intimate massage in a luxurious environment.\",\"breadcrumb\":{\"@id\":\"https:\/\/sensualtouchbudapest.com\/body-to-body\/#breadcrumb\"},\"inLanguage\":\"hu\",\"potentialAction\":[{\"@type\":\"ReadAction\",\"target\":[\"https:\/\/sensualtouchbudapest.com\/body-to-body\/\"]}]},{\"@type\":\"BreadcrumbList\",\"@id\":\"https:\/\/sensualtouchbudapest.com\/body-to-body\/#breadcrumb\",\"itemListElement\":[{\"@type\":\"ListItem\",\"position\":1,\"name\":\"Kezd\u0151lap\",\"item\":\"https:\/\/sensualtouchbudapest.com\/\"},{\"@type\":\"ListItem\",\"position\":2,\"name\":\"Body to Body\"}]},{\"@type\":\"WebSite\",\"@id\":\"https:\/\/sensualtouchbudapest.com\/#website\",\"url\":\"https:\/\/sensualtouchbudapest.com\/\",\"name\":\"Sensual Touch Budapest\",\"description\":\"Erotic Massage In Budapest- Sensual Touch\",\"publisher\":{\"@id\":\"https:\/\/sensualtouchbudapest.com\/#organization\"},\"alternateName\":\"Sensual Touch Budapest Erotic Massage\",\"potentialAction\":[{\"@type\":\"SearchAction\",\"target\":{\"@type\":\"EntryPoint\",\"urlTemplate\":\"https:\/\/sensualtouchbudapest.com\/?s={search_term_string}\"},\"query-input\":{\"@type\":\"PropertyValueSpecification\",\"valueRequired\":true,\"valueName\":\"search_term_string\"}}],\"inLanguage\":\"hu\"},{\"@type\":\"Organization\",\"@id\":\"https:\/\/sensualtouchbudapest.com\/#organization\",\"name\":\"Sensual Touch Budapest\",\"alternateName\":\"Sensual Touch\",\"url\":\"https:\/\/sensualtouchbudapest.com\/\",\"logo\":{\"@type\":\"ImageObject\",\"inLanguage\":\"hu\",\"@id\":\"https:\/\/sensualtouchbudapest.com\/#\/schema\/logo\/image\/\",\"url\":\"https:\/\/sensualtouchbudapest.com\/wp-content\/uploads\/2025\/08\/cropped-TS-logo-arany-1.pdf-2-1.png\",\"contentUrl\":\"https:\/\/sensualtouchbudapest.com\/wp-content\/uploads\/2025\/08\/cropped-TS-logo-arany-1.pdf-2-1.png\",\"width\":1892,\"height\":1892,\"caption\":\"Sensual Touch Budapest\"},\"image\":{\"@id\":\"https:\/\/sensualtouchbudapest.com\/#\/schema\/logo\/image\/\"},\"sameAs\":[\"http:\/\/www.tiktok.com\/@sensual198\",\"https:\/\/www.instagram.com\/sensualtouch72?igsh=MTI3MDd2c3VqbHVzZQ==&utm_source=qr\",\"https:\/\/maps.app.goo.gl\/RVoPbHvciszNevdLA\"]}]}<\/script>\n<!-- \/ Yoast SEO plugin. -->","yoast_head_json":{"title":"Body to Body Massage in Budapest","description":"Body to body massage Budapest for deep relaxation and sensual experience. Enjoy private, intimate massage in a luxurious environment.","robots":{"index":"index","follow":"follow","max-snippet":"max-snippet:-1","max-image-preview":"max-image-preview:large","max-video-preview":"max-video-preview:-1"},"canonical":"https:\/\/sensualtouchbudapest.com\/hu_hu\/body-to-body\/","og_locale":"hu_HU","og_type":"article","og_title":"Body to Body Massage in Budapest","og_description":"Body to body massage Budapest for deep relaxation and sensual experience. Enjoy private, intimate massage in a luxurious environment.","og_url":"https:\/\/sensualtouchbudapest.com\/hu_hu\/body-to-body\/","og_site_name":"Sensual Touch","article_modified_time":"2026-04-17T09:47:37+00:00","og_image":[{"width":1892,"height":1892,"url":"https:\/\/sensualtouchbudapest.com\/wp-content\/uploads\/2025\/08\/cropped-TS-logo-arany-1.pdf-2-1.png","type":"image\/png"}],"twitter_card":"summary_large_image","twitter_misc":{"Becs\u00fclt olvas\u00e1si id\u0151":"2 perc"},"schema":{"@context":"https:\/\/schema.org","@graph":[{"@type":"WebPage","@id":"https:\/\/sensualtouchbudapest.com\/body-to-body\/","url":"https:\/\/sensualtouchbudapest.com\/body-to-body\/","name":"Body to Body Massage in Budapest","isPartOf":{"@id":"https:\/\/sensualtouchbudapest.com\/#website"},"datePublished":"2026-04-04T10:30:57+00:00","dateModified":"2026-04-17T09:47:37+00:00","description":"Body to body massage Budapest for deep relaxation and sensual experience. Enjoy private, intimate massage in a luxurious environment.","breadcrumb":{"@id":"https:\/\/sensualtouchbudapest.com\/body-to-body\/#breadcrumb"},"inLanguage":"hu","potentialAction":[{"@type":"ReadAction","target":["https:\/\/sensualtouchbudapest.com\/body-to-body\/"]}]},{"@type":"BreadcrumbList","@id":"https:\/\/sensualtouchbudapest.com\/body-to-body\/#breadcrumb","itemListElement":[{"@type":"ListItem","position":1,"name":"Kezd\u0151lap","item":"https:\/\/sensualtouchbudapest.com\/"},{"@type":"ListItem","position":2,"name":"Body to Body"}]},{"@type":"WebSite","@id":"https:\/\/sensualtouchbudapest.com\/#website","url":"https:\/\/sensualtouchbudapest.com\/","name":"Sensual Touch Budapest","description":"Erotic Massage In Budapest- Sensual Touch","publisher":{"@id":"https:\/\/sensualtouchbudapest.com\/#organization"},"alternateName":"Sensual Touch Budapest Erotic Massage","potentialAction":[{"@type":"SearchAction","target":{"@type":"EntryPoint","urlTemplate":"https:\/\/sensualtouchbudapest.com\/?s={search_term_string}"},"query-input":{"@type":"PropertyValueSpecification","valueRequired":true,"valueName":"search_term_string"}}],"inLanguage":"hu"},{"@type":"Organization","@id":"https:\/\/sensualtouchbudapest.com\/#organization","name":"Sensual Touch Budapest","alternateName":"Sensual Touch","url":"https:\/\/sensualtouchbudapest.com\/","logo":{"@type":"ImageObject","inLanguage":"hu","@id":"https:\/\/sensualtouchbudapest.com\/#\/schema\/logo\/image\/","url":"https:\/\/sensualtouchbudapest.com\/wp-content\/uploads\/2025\/08\/cropped-TS-logo-arany-1.pdf-2-1.png","contentUrl":"https:\/\/sensualtouchbudapest.com\/wp-content\/uploads\/2025\/08\/cropped-TS-logo-arany-1.pdf-2-1.png","width":1892,"height":1892,"caption":"Sensual Touch Budapest"},"image":{"@id":"https:\/\/sensualtouchbudapest.com\/#\/schema\/logo\/image\/"},"sameAs":["http:\/\/www.tiktok.com\/@sensual198","https:\/\/www.instagram.com\/sensualtouch72?igsh=MTI3MDd2c3VqbHVzZQ==&utm_source=qr","https:\/\/maps.app.goo.gl\/RVoPbHvciszNevdLA"]}]}},"_links":{"self":[{"href":"https:\/\/sensualtouchbudapest.com\/hu_hu\/wp-json\/wp\/v2\/pages\/2538","targetHints":{"allow":["GET"]}}],"collection":[{"href":"https:\/\/sensualtouchbudapest.com\/hu_hu\/wp-json\/wp\/v2\/pages"}],"about":[{"href":"https:\/\/sensualtouchbudapest.com\/hu_hu\/wp-json\/wp\/v2\/types\/page"}],"author":[{"embeddable":true,"href":"https:\/\/sensualtouchbudapest.com\/hu_hu\/wp-json\/wp\/v2\/users\/1"}],"replies":[{"embeddable":true,"href":"https:\/\/sensualtouchbudapest.com\/hu_hu\/wp-json\/wp\/v2\/comments?post=2538"}],"version-history":[{"count":3,"href":"https:\/\/sensualtouchbudapest.com\/hu_hu\/wp-json\/wp\/v2\/pages\/2538\/revisions"}],"predecessor-version":[{"id":2643,"href":"https:\/\/sensualtouchbudapest.com\/hu_hu\/wp-json\/wp\/v2\/pages\/2538\/revisions\/2643"}],"wp:attachment":[{"href":"https:\/\/sensualtouchbudapest.com\/hu_hu\/wp-json\/wp\/v2\/media?parent=2538"}],"curies":[{"name":"wp","href":"https:\/\/api.w.org\/{rel}","templated":true}]}}