{"id":2579,"date":"2026-04-08T19:35:01","date_gmt":"2026-04-08T17:35:01","guid":{"rendered":"https:\/\/sensualtouchbudapest.com\/?page_id=2579"},"modified":"2026-04-08T19:41:20","modified_gmt":"2026-04-08T17:41:20","slug":"valentina-erotic-massage-budapest","status":"publish","type":"page","link":"https:\/\/sensualtouchbudapest.com\/hu_hu\/valentina-erotic-massage-budapest\/","title":{"rendered":"valentina"},"content":{"rendered":"<style>.kb-row-layout-id2579_119a45-9d > .kt-row-column-wrap{align-content:start;}:where(.kb-row-layout-id2579_119a45-9d > .kt-row-column-wrap) > .wp-block-kadence-column{justify-content:start;}.kb-row-layout-id2579_119a45-9d > .kt-row-column-wrap{column-gap:var(--global-kb-gap-md, 2rem);row-gap:var(--global-kb-gap-md, 2rem);padding-top:var(--global-kb-spacing-5xl, 10rem);padding-bottom:var(--global-kb-spacing-5xl, 10rem);grid-template-columns:minmax(0, 1fr);}.kb-row-layout-id2579_119a45-9d{background-image:url('https:\/\/sensualtouchbudapest.com\/wp-content\/uploads\/2025\/09\/logan-weaver-lgnwvr-8Pka34iTUAI-unsplash-scaled-1.jpg');background-size:cover;background-position:center center;background-attachment:scroll;background-repeat:no-repeat;}.kb-row-layout-id2579_119a45-9d > .kt-row-layout-overlay{opacity:0.30;}@media all and (max-width: 1024px){.kb-row-layout-id2579_119a45-9d > .kt-row-column-wrap{grid-template-columns:minmax(0, 1fr);}}@media all and (max-width: 767px){.kb-row-layout-id2579_119a45-9d > .kt-row-column-wrap{grid-template-columns:minmax(0, 1fr);}}<\/style><div class=\"kb-row-layout-wrap kb-row-layout-id2579_119a45-9d alignnone kt-row-has-bg wp-block-kadence-rowlayout\"><div class=\"kt-row-column-wrap kt-has-1-columns kt-row-layout-equal kt-tab-layout-inherit kt-mobile-layout-row kt-row-valign-top\">\n<style>.kadence-column2579_84f69f-46 > .kt-inside-inner-col,.kadence-column2579_84f69f-46 > .kt-inside-inner-col:before{border-top-left-radius:0px;border-top-right-radius:0px;border-bottom-right-radius:0px;border-bottom-left-radius:0px;}.kadence-column2579_84f69f-46 > .kt-inside-inner-col{column-gap:var(--global-kb-gap-sm, 1rem);}.kadence-column2579_84f69f-46 > .kt-inside-inner-col{flex-direction:column;}.kadence-column2579_84f69f-46 > .kt-inside-inner-col > .aligncenter{width:100%;}.kadence-column2579_84f69f-46 > .kt-inside-inner-col:before{opacity:0.3;}.kadence-column2579_84f69f-46{position:relative;}@media all and (max-width: 1024px){.kadence-column2579_84f69f-46 > .kt-inside-inner-col{flex-direction:column;justify-content:center;}}@media all and (max-width: 767px){.kadence-column2579_84f69f-46 > .kt-inside-inner-col{flex-direction:column;justify-content:center;}}<\/style>\n<div class=\"wp-block-kadence-column kadence-column2579_84f69f-46\"><div class=\"kt-inside-inner-col\"><style>.wp-block-kadence-column.kb-section-dir-horizontal > .kt-inside-inner-col > .kt-info-box2579_209d83-21 .kt-blocks-info-box-link-wrap{max-width:unset;}.kt-info-box2579_209d83-21 .kt-blocks-info-box-link-wrap{background:rgba(0,0,0,0);padding-top:var(--global-kb-spacing-xs, 1rem);padding-right:var(--global-kb-spacing-xs, 1rem);padding-bottom:var(--global-kb-spacing-xs, 1rem);padding-left:var(--global-kb-spacing-xs, 1rem);}.kt-info-box2579_209d83-21 .kadence-info-box-icon-container .kt-info-svg-icon, .kt-info-box2579_209d83-21 .kt-info-svg-icon-flip, .kt-info-box2579_209d83-21 .kt-blocks-info-box-number{font-size:50px;}.kt-info-box2579_209d83-21 .kt-blocks-info-box-media{border-top-width:0px;border-right-width:0px;border-bottom-width:0px;border-left-width:0px;padding-top:10px;padding-right:10px;padding-bottom:10px;padding-left:10px;}.kt-info-box2579_209d83-21 .kt-blocks-info-box-media-container{margin-top:0px;margin-right:15px;margin-bottom:0px;margin-left:15px;}.kt-info-box2579_209d83-21 .kt-infobox-textcontent h2.kt-blocks-info-box-title{color:#ffffff;}.kt-info-box2579_209d83-21 .kt-infobox-textcontent .kt-blocks-info-box-text{color:#ffffff;}.kt-info-box2579_209d83-21 .kt-blocks-info-box-learnmore{background:transparent;border-width:0px 0px 0px 0px;padding-top:4px;padding-right:8px;padding-bottom:4px;padding-left:8px;margin-top:10px;margin-right:0px;margin-bottom:10px;margin-left:0px;}<\/style>\n<div class=\"wp-block-kadence-infobox kt-info-box2579_209d83-21\"><span class=\"kt-blocks-info-box-link-wrap info-box-link kt-blocks-info-box-media-align-top kt-info-halign-center\"><div class=\"kt-infobox-textcontent\"><h2 class=\"kt-blocks-info-box-title\">valentina<br><br><style type=\"text\/css\">\n\t#foogallery-gallery-2575 .fg-image {\n        width: 150px;\n    }\n<\/style>\n\t\t\t\t<div class=\"foogallery foogallery-container foogallery-default foogallery-lightbox-foogallery fg-gutter-10 fg-center fg-default fg-light fg-border-thin fg-shadow-outline fg-loading-default fg-loaded-fade-in fg-caption-hover fg-hover-fade fg-hover-zoom fg-ready\" id=\"foogallery-gallery-2575\" data-foogallery=\"{&quot;item&quot;:{&quot;showCaptionTitle&quot;:true,&quot;showCaptionDescription&quot;:true},&quot;lazy&quot;:true}\" data-foogallery-lightbox=\"{&quot;thumbs&quot;:&quot;bottom&quot;,&quot;thumbsCaptions&quot;:false,&quot;thumbsBestFit&quot;:false,&quot;thumbsSmall&quot;:false,&quot;thumbsCaptionsAlign&quot;:&quot;default&quot;,&quot;info&quot;:&quot;bottom&quot;,&quot;infoVisible&quot;:true,&quot;infoOverlay&quot;:true,&quot;infoAlign&quot;:&quot;default&quot;,&quot;transition&quot;:&quot;fade&quot;,&quot;hoverButtons&quot;:false,&quot;fitMedia&quot;:false,&quot;noScrollbars&quot;:true,&quot;preserveButtonSpace&quot;:true,&quot;buttons&quot;:{&quot;fullscreen&quot;:true,&quot;info&quot;:true,&quot;thumbs&quot;:false},&quot;video&quot;:{&quot;autoPlay&quot;:true}}\" >\n\t<div class=\"fg-item fg-type-image fg-idle\"><figure class=\"fg-item-inner\"><a href=\"https:\/\/sensualtouchbudapest.com\/wp-content\/uploads\/2026\/04\/b45b76ed-6b42-4c3f-a581-7827c1dc5e48.jpeg\" data-attachment-id=\"2574\" data-type=\"image\" class=\"fg-thumb\"><span class=\"fg-image-wrap\"><img decoding=\"async\" width=\"150\" height=\"150\" class=\"skip-lazy fg-image\" data-src-fg=\"https:\/\/sensualtouchbudapest.com\/wp-content\/uploads\/cache\/2026\/04\/b45b76ed-6b42-4c3f-a581-7827c1dc5e48\/2943580806.jpeg\" src=\"data:image\/svg+xml,%3Csvg%20xmlns%3D%22http%3A%2F%2Fwww.w3.org%2F2000%2Fsvg%22%20width%3D%22150%22%20height%3D%22150%22%20viewBox%3D%220%200%20150%20150%22%3E%3C%2Fsvg%3E\" loading=\"eager\"><\/span><span class=\"fg-image-overlay\"><\/span><\/a><figcaption class=\"fg-caption\"><div class=\"fg-caption-inner\"><\/div><\/figcaption><\/figure><div class=\"fg-loader\"><\/div><\/div><div class=\"fg-item fg-type-image fg-idle\"><figure class=\"fg-item-inner\"><a href=\"https:\/\/sensualtouchbudapest.com\/wp-content\/uploads\/2026\/04\/a8cc1a8f-a41f-45ff-8d42-ed4f67f4cd82.jpeg\" data-attachment-id=\"2572\" data-type=\"image\" class=\"fg-thumb\"><span class=\"fg-image-wrap\"><img decoding=\"async\" width=\"150\" height=\"150\" class=\"skip-lazy fg-image\" data-src-fg=\"https:\/\/sensualtouchbudapest.com\/wp-content\/uploads\/cache\/2026\/04\/a8cc1a8f-a41f-45ff-8d42-ed4f67f4cd82\/151511645.jpeg\" src=\"data:image\/svg+xml,%3Csvg%20xmlns%3D%22http%3A%2F%2Fwww.w3.org%2F2000%2Fsvg%22%20width%3D%22150%22%20height%3D%22150%22%20viewBox%3D%220%200%20150%20150%22%3E%3C%2Fsvg%3E\" loading=\"eager\"><\/span><span class=\"fg-image-overlay\"><\/span><\/a><figcaption class=\"fg-caption\"><div class=\"fg-caption-inner\"><\/div><\/figcaption><\/figure><div class=\"fg-loader\"><\/div><\/div><div class=\"fg-item fg-type-image fg-idle\"><figure class=\"fg-item-inner\"><a href=\"https:\/\/sensualtouchbudapest.com\/wp-content\/uploads\/2026\/04\/423e59ac-a30b-4b4f-be8e-78c7c6f93e50.jpeg\" data-attachment-id=\"2571\" data-type=\"image\" class=\"fg-thumb\"><span class=\"fg-image-wrap\"><img decoding=\"async\" width=\"150\" height=\"150\" class=\"skip-lazy fg-image\" data-src-fg=\"https:\/\/sensualtouchbudapest.com\/wp-content\/uploads\/cache\/2026\/04\/423e59ac-a30b-4b4f-be8e-78c7c6f93e50\/1262467903.jpeg\" src=\"data:image\/svg+xml,%3Csvg%20xmlns%3D%22http%3A%2F%2Fwww.w3.org%2F2000%2Fsvg%22%20width%3D%22150%22%20height%3D%22150%22%20viewBox%3D%220%200%20150%20150%22%3E%3C%2Fsvg%3E\" loading=\"eager\"><\/span><span class=\"fg-image-overlay\"><\/span><\/a><figcaption class=\"fg-caption\"><div class=\"fg-caption-inner\"><\/div><\/figcaption><\/figure><div class=\"fg-loader\"><\/div><\/div><div class=\"fg-item fg-type-image fg-idle\"><figure class=\"fg-item-inner\"><a href=\"https:\/\/sensualtouchbudapest.com\/wp-content\/uploads\/2026\/04\/d31e1e99-42b2-41ef-ac3b-4494d7bf2fe1.jpeg\" data-attachment-id=\"2570\" data-type=\"image\" class=\"fg-thumb\"><span class=\"fg-image-wrap\"><img decoding=\"async\" width=\"150\" height=\"150\" class=\"skip-lazy fg-image\" data-src-fg=\"https:\/\/sensualtouchbudapest.com\/wp-content\/uploads\/cache\/2026\/04\/d31e1e99-42b2-41ef-ac3b-4494d7bf2fe1\/2072877260.jpeg\" src=\"data:image\/svg+xml,%3Csvg%20xmlns%3D%22http%3A%2F%2Fwww.w3.org%2F2000%2Fsvg%22%20width%3D%22150%22%20height%3D%22150%22%20viewBox%3D%220%200%20150%20150%22%3E%3C%2Fsvg%3E\" loading=\"eager\"><\/span><span class=\"fg-image-overlay\"><\/span><\/a><figcaption class=\"fg-caption\"><div class=\"fg-caption-inner\"><\/div><\/figcaption><\/figure><div class=\"fg-loader\"><\/div><\/div><div class=\"fg-item fg-type-image fg-idle\"><figure class=\"fg-item-inner\"><a href=\"https:\/\/sensualtouchbudapest.com\/wp-content\/uploads\/2026\/04\/aa29a7dd-8691-493a-800e-086e55415859.jpeg\" data-attachment-id=\"2569\" data-type=\"image\" class=\"fg-thumb\"><span class=\"fg-image-wrap\"><img decoding=\"async\" width=\"150\" height=\"150\" class=\"skip-lazy fg-image\" data-src-fg=\"https:\/\/sensualtouchbudapest.com\/wp-content\/uploads\/cache\/2026\/04\/aa29a7dd-8691-493a-800e-086e55415859\/2599061772.jpeg\" src=\"data:image\/svg+xml,%3Csvg%20xmlns%3D%22http%3A%2F%2Fwww.w3.org%2F2000%2Fsvg%22%20width%3D%22150%22%20height%3D%22150%22%20viewBox%3D%220%200%20150%20150%22%3E%3C%2Fsvg%3E\" loading=\"eager\"><\/span><span class=\"fg-image-overlay\"><\/span><\/a><figcaption class=\"fg-caption\"><div class=\"fg-caption-inner\"><\/div><\/figcaption><\/figure><div class=\"fg-loader\"><\/div><\/div><div class=\"fg-item fg-type-image fg-idle\"><figure class=\"fg-item-inner\"><a href=\"https:\/\/sensualtouchbudapest.com\/wp-content\/uploads\/2026\/04\/a0e41f0f-d163-4e72-a2ad-7126c670c5ff.jpeg\" data-attachment-id=\"2568\" data-type=\"image\" class=\"fg-thumb\"><span class=\"fg-image-wrap\"><img decoding=\"async\" width=\"150\" height=\"150\" class=\"skip-lazy fg-image\" data-src-fg=\"https:\/\/sensualtouchbudapest.com\/wp-content\/uploads\/cache\/2026\/04\/a0e41f0f-d163-4e72-a2ad-7126c670c5ff\/3733922871.jpeg\" src=\"data:image\/svg+xml,%3Csvg%20xmlns%3D%22http%3A%2F%2Fwww.w3.org%2F2000%2Fsvg%22%20width%3D%22150%22%20height%3D%22150%22%20viewBox%3D%220%200%20150%20150%22%3E%3C%2Fsvg%3E\" loading=\"eager\"><\/span><span class=\"fg-image-overlay\"><\/span><\/a><figcaption class=\"fg-caption\"><div class=\"fg-caption-inner\"><\/div><\/figcaption><\/figure><div class=\"fg-loader\"><\/div><\/div><div class=\"fg-item fg-type-image fg-idle\"><figure class=\"fg-item-inner\"><a href=\"https:\/\/sensualtouchbudapest.com\/wp-content\/uploads\/2026\/04\/598bdd39-c316-4f8d-9d6d-95502e43959c.jpeg\" data-attachment-id=\"2567\" data-type=\"image\" class=\"fg-thumb\"><span class=\"fg-image-wrap\"><img decoding=\"async\" width=\"150\" height=\"150\" class=\"skip-lazy fg-image\" data-src-fg=\"https:\/\/sensualtouchbudapest.com\/wp-content\/uploads\/cache\/2026\/04\/598bdd39-c316-4f8d-9d6d-95502e43959c\/609704522.jpeg\" src=\"data:image\/svg+xml,%3Csvg%20xmlns%3D%22http%3A%2F%2Fwww.w3.org%2F2000%2Fsvg%22%20width%3D%22150%22%20height%3D%22150%22%20viewBox%3D%220%200%20150%20150%22%3E%3C%2Fsvg%3E\" loading=\"eager\"><\/span><span class=\"fg-image-overlay\"><\/span><\/a><figcaption class=\"fg-caption\"><div class=\"fg-caption-inner\"><\/div><\/figcaption><\/figure><div class=\"fg-loader\"><\/div><\/div><div class=\"fg-item fg-type-image fg-idle\"><figure class=\"fg-item-inner\"><a href=\"https:\/\/sensualtouchbudapest.com\/wp-content\/uploads\/2026\/04\/dabeb835-a149-4f5a-8e73-91b696ac5710.jpeg\" data-attachment-id=\"2566\" data-type=\"image\" class=\"fg-thumb\"><span class=\"fg-image-wrap\"><img decoding=\"async\" width=\"150\" height=\"150\" class=\"skip-lazy fg-image\" data-src-fg=\"https:\/\/sensualtouchbudapest.com\/wp-content\/uploads\/cache\/2026\/04\/dabeb835-a149-4f5a-8e73-91b696ac5710\/997676312.jpeg\" src=\"data:image\/svg+xml,%3Csvg%20xmlns%3D%22http%3A%2F%2Fwww.w3.org%2F2000%2Fsvg%22%20width%3D%22150%22%20height%3D%22150%22%20viewBox%3D%220%200%20150%20150%22%3E%3C%2Fsvg%3E\" loading=\"eager\"><\/span><span class=\"fg-image-overlay\"><\/span><\/a><figcaption class=\"fg-caption\"><div class=\"fg-caption-inner\"><\/div><\/figcaption><\/figure><div class=\"fg-loader\"><\/div><\/div><\/div>\n<br><\/h2><p class=\"kt-blocks-info-box-text\">Valentina is a professional erotic massage therapist in Budapest, offering a unique combination of sensual, relaxing, and <br><br>deeply satisfying experiences. Her style blends body to body massage, tantra massage, and intimate relaxation <br><br>techniques designed to awaken your senses and release stress.<br><br>Located in the heart of Budapest, Valentina provides a luxurious and discreet environment where every guest can fully <br><br>relax and enjoy a personalized  session. Whether you are looking for a sensual escape, a tantra experience<br><br> or a full body to body massage, she creates the perfect atmosphere for complete physical and mental relaxation.<br><br>Valentina is known for her soft touch, feminine energy, and attention to detail, making each session special and <br><br>unforgettable. Her erotic massage techniques focus on connection, pleasure, and total relaxation, ensuring that every <br><br>moment feels natural and deeply satisfying.<br><br>If you are searching for the best erotic massage in Budapest, Valentina is the perfect choice for an exclusive and high-<br><br>quality experience.<\/p><\/div><\/span><\/div>\n<\/div><\/div>\n\n<\/div><\/div>","protected":false},"excerpt":{"rendered":"","protected":false},"author":1,"featured_media":0,"parent":0,"menu_order":0,"comment_status":"closed","ping_status":"closed","template":"","meta":{"_kadence_starter_templates_imported_post":false,"_kad_post_transparent":"disable","_kad_post_title":"hide","_kad_post_layout":"fullwidth","_kad_post_sidebar_id":"","_kad_post_content_style":"unboxed","_kad_post_vertical_padding":"hide","_kad_post_feature":"hide","_kad_post_feature_position":"","_kad_post_header":true,"_kad_post_footer":true,"footnotes":""},"class_list":["post-2579","page","type-page","status-publish","hentry"],"yoast_head":"<!-- This site is optimized with the Yoast SEO plugin v25.8 - https:\/\/yoast.com\/wordpress\/plugins\/seo\/ -->\n<title>Erotic Massage Budapest<\/title>\n<meta name=\"description\" content=\"Enjoy a premium erotic massage in Budapest with Valentina. Sensual body to body and tantra massage in a luxurious, discreet and relaxing.\" \/>\n<meta name=\"robots\" content=\"index, follow, max-snippet:-1, max-image-preview:large, max-video-preview:-1\" \/>\n<link rel=\"canonical\" href=\"https:\/\/sensualtouchbudapest.com\/hu_hu\/valentina-erotic-massage-budapest\/\" \/>\n<meta property=\"og:locale\" content=\"hu_HU\" \/>\n<meta property=\"og:type\" content=\"article\" \/>\n<meta property=\"og:title\" content=\"Erotic Massage Budapest\" \/>\n<meta property=\"og:description\" content=\"Enjoy a premium erotic massage in Budapest with Valentina. Sensual body to body and tantra massage in a luxurious, discreet and relaxing.\" \/>\n<meta property=\"og:url\" content=\"https:\/\/sensualtouchbudapest.com\/hu_hu\/valentina-erotic-massage-budapest\/\" \/>\n<meta property=\"og:site_name\" content=\"Sensual Touch\" \/>\n<meta property=\"article:modified_time\" content=\"2026-04-08T17:41:20+00:00\" \/>\n<meta property=\"og:image\" content=\"https:\/\/sensualtouchbudapest.com\/wp-content\/uploads\/2025\/08\/cropped-TS-logo-arany-1.pdf-2-1.png\" \/>\n\t<meta property=\"og:image:width\" content=\"1892\" \/>\n\t<meta property=\"og:image:height\" content=\"1892\" \/>\n\t<meta property=\"og:image:type\" content=\"image\/png\" \/>\n<meta name=\"twitter:card\" content=\"summary_large_image\" \/>\n<meta name=\"twitter:label1\" content=\"Becs\u00fclt olvas\u00e1si id\u0151\" \/>\n\t<meta name=\"twitter:data1\" content=\"1 perc\" \/>\n<script type=\"application\/ld+json\" class=\"yoast-schema-graph\">{\"@context\":\"https:\/\/schema.org\",\"@graph\":[{\"@type\":\"WebPage\",\"@id\":\"https:\/\/sensualtouchbudapest.com\/valentina-erotic-massage-budapest\/\",\"url\":\"https:\/\/sensualtouchbudapest.com\/valentina-erotic-massage-budapest\/\",\"name\":\"Erotic Massage Budapest\",\"isPartOf\":{\"@id\":\"https:\/\/sensualtouchbudapest.com\/#website\"},\"datePublished\":\"2026-04-08T17:35:01+00:00\",\"dateModified\":\"2026-04-08T17:41:20+00:00\",\"description\":\"Enjoy a premium erotic massage in Budapest with Valentina. Sensual body to body and tantra massage in a luxurious, discreet and relaxing.\",\"breadcrumb\":{\"@id\":\"https:\/\/sensualtouchbudapest.com\/valentina-erotic-massage-budapest\/#breadcrumb\"},\"inLanguage\":\"hu\",\"potentialAction\":[{\"@type\":\"ReadAction\",\"target\":[\"https:\/\/sensualtouchbudapest.com\/valentina-erotic-massage-budapest\/\"]}]},{\"@type\":\"BreadcrumbList\",\"@id\":\"https:\/\/sensualtouchbudapest.com\/valentina-erotic-massage-budapest\/#breadcrumb\",\"itemListElement\":[{\"@type\":\"ListItem\",\"position\":1,\"name\":\"Kezd\u0151lap\",\"item\":\"https:\/\/sensualtouchbudapest.com\/\"},{\"@type\":\"ListItem\",\"position\":2,\"name\":\"valentina\"}]},{\"@type\":\"WebSite\",\"@id\":\"https:\/\/sensualtouchbudapest.com\/#website\",\"url\":\"https:\/\/sensualtouchbudapest.com\/\",\"name\":\"Sensual Touch Budapest\",\"description\":\"Erotic Massage In Budapest- Sensual Touch\",\"publisher\":{\"@id\":\"https:\/\/sensualtouchbudapest.com\/#organization\"},\"alternateName\":\"Sensual Touch Budapest Erotic Massage\",\"potentialAction\":[{\"@type\":\"SearchAction\",\"target\":{\"@type\":\"EntryPoint\",\"urlTemplate\":\"https:\/\/sensualtouchbudapest.com\/?s={search_term_string}\"},\"query-input\":{\"@type\":\"PropertyValueSpecification\",\"valueRequired\":true,\"valueName\":\"search_term_string\"}}],\"inLanguage\":\"hu\"},{\"@type\":\"Organization\",\"@id\":\"https:\/\/sensualtouchbudapest.com\/#organization\",\"name\":\"Sensual Touch Budapest\",\"alternateName\":\"Sensual Touch\",\"url\":\"https:\/\/sensualtouchbudapest.com\/\",\"logo\":{\"@type\":\"ImageObject\",\"inLanguage\":\"hu\",\"@id\":\"https:\/\/sensualtouchbudapest.com\/#\/schema\/logo\/image\/\",\"url\":\"https:\/\/sensualtouchbudapest.com\/wp-content\/uploads\/2025\/08\/cropped-TS-logo-arany-1.pdf-2-1.png\",\"contentUrl\":\"https:\/\/sensualtouchbudapest.com\/wp-content\/uploads\/2025\/08\/cropped-TS-logo-arany-1.pdf-2-1.png\",\"width\":1892,\"height\":1892,\"caption\":\"Sensual Touch Budapest\"},\"image\":{\"@id\":\"https:\/\/sensualtouchbudapest.com\/#\/schema\/logo\/image\/\"},\"sameAs\":[\"http:\/\/www.tiktok.com\/@sensual198\",\"https:\/\/www.instagram.com\/sensualtouch72?igsh=MTI3MDd2c3VqbHVzZQ==&utm_source=qr\",\"https:\/\/maps.app.goo.gl\/RVoPbHvciszNevdLA\"]}]}<\/script>\n<!-- \/ Yoast SEO plugin. -->","yoast_head_json":{"title":"Erotic Massage Budapest","description":"Enjoy a premium erotic massage in Budapest with Valentina. Sensual body to body and tantra massage in a luxurious, discreet and relaxing.","robots":{"index":"index","follow":"follow","max-snippet":"max-snippet:-1","max-image-preview":"max-image-preview:large","max-video-preview":"max-video-preview:-1"},"canonical":"https:\/\/sensualtouchbudapest.com\/hu_hu\/valentina-erotic-massage-budapest\/","og_locale":"hu_HU","og_type":"article","og_title":"Erotic Massage Budapest","og_description":"Enjoy a premium erotic massage in Budapest with Valentina. Sensual body to body and tantra massage in a luxurious, discreet and relaxing.","og_url":"https:\/\/sensualtouchbudapest.com\/hu_hu\/valentina-erotic-massage-budapest\/","og_site_name":"Sensual Touch","article_modified_time":"2026-04-08T17:41:20+00:00","og_image":[{"width":1892,"height":1892,"url":"https:\/\/sensualtouchbudapest.com\/wp-content\/uploads\/2025\/08\/cropped-TS-logo-arany-1.pdf-2-1.png","type":"image\/png"}],"twitter_card":"summary_large_image","twitter_misc":{"Becs\u00fclt olvas\u00e1si id\u0151":"1 perc"},"schema":{"@context":"https:\/\/schema.org","@graph":[{"@type":"WebPage","@id":"https:\/\/sensualtouchbudapest.com\/valentina-erotic-massage-budapest\/","url":"https:\/\/sensualtouchbudapest.com\/valentina-erotic-massage-budapest\/","name":"Erotic Massage Budapest","isPartOf":{"@id":"https:\/\/sensualtouchbudapest.com\/#website"},"datePublished":"2026-04-08T17:35:01+00:00","dateModified":"2026-04-08T17:41:20+00:00","description":"Enjoy a premium erotic massage in Budapest with Valentina. Sensual body to body and tantra massage in a luxurious, discreet and relaxing.","breadcrumb":{"@id":"https:\/\/sensualtouchbudapest.com\/valentina-erotic-massage-budapest\/#breadcrumb"},"inLanguage":"hu","potentialAction":[{"@type":"ReadAction","target":["https:\/\/sensualtouchbudapest.com\/valentina-erotic-massage-budapest\/"]}]},{"@type":"BreadcrumbList","@id":"https:\/\/sensualtouchbudapest.com\/valentina-erotic-massage-budapest\/#breadcrumb","itemListElement":[{"@type":"ListItem","position":1,"name":"Kezd\u0151lap","item":"https:\/\/sensualtouchbudapest.com\/"},{"@type":"ListItem","position":2,"name":"valentina"}]},{"@type":"WebSite","@id":"https:\/\/sensualtouchbudapest.com\/#website","url":"https:\/\/sensualtouchbudapest.com\/","name":"Sensual Touch Budapest","description":"Erotic Massage In Budapest- Sensual Touch","publisher":{"@id":"https:\/\/sensualtouchbudapest.com\/#organization"},"alternateName":"Sensual Touch Budapest Erotic Massage","potentialAction":[{"@type":"SearchAction","target":{"@type":"EntryPoint","urlTemplate":"https:\/\/sensualtouchbudapest.com\/?s={search_term_string}"},"query-input":{"@type":"PropertyValueSpecification","valueRequired":true,"valueName":"search_term_string"}}],"inLanguage":"hu"},{"@type":"Organization","@id":"https:\/\/sensualtouchbudapest.com\/#organization","name":"Sensual Touch Budapest","alternateName":"Sensual Touch","url":"https:\/\/sensualtouchbudapest.com\/","logo":{"@type":"ImageObject","inLanguage":"hu","@id":"https:\/\/sensualtouchbudapest.com\/#\/schema\/logo\/image\/","url":"https:\/\/sensualtouchbudapest.com\/wp-content\/uploads\/2025\/08\/cropped-TS-logo-arany-1.pdf-2-1.png","contentUrl":"https:\/\/sensualtouchbudapest.com\/wp-content\/uploads\/2025\/08\/cropped-TS-logo-arany-1.pdf-2-1.png","width":1892,"height":1892,"caption":"Sensual Touch Budapest"},"image":{"@id":"https:\/\/sensualtouchbudapest.com\/#\/schema\/logo\/image\/"},"sameAs":["http:\/\/www.tiktok.com\/@sensual198","https:\/\/www.instagram.com\/sensualtouch72?igsh=MTI3MDd2c3VqbHVzZQ==&utm_source=qr","https:\/\/maps.app.goo.gl\/RVoPbHvciszNevdLA"]}]}},"_links":{"self":[{"href":"https:\/\/sensualtouchbudapest.com\/hu_hu\/wp-json\/wp\/v2\/pages\/2579","targetHints":{"allow":["GET"]}}],"collection":[{"href":"https:\/\/sensualtouchbudapest.com\/hu_hu\/wp-json\/wp\/v2\/pages"}],"about":[{"href":"https:\/\/sensualtouchbudapest.com\/hu_hu\/wp-json\/wp\/v2\/types\/page"}],"author":[{"embeddable":true,"href":"https:\/\/sensualtouchbudapest.com\/hu_hu\/wp-json\/wp\/v2\/users\/1"}],"replies":[{"embeddable":true,"href":"https:\/\/sensualtouchbudapest.com\/hu_hu\/wp-json\/wp\/v2\/comments?post=2579"}],"version-history":[{"count":2,"href":"https:\/\/sensualtouchbudapest.com\/hu_hu\/wp-json\/wp\/v2\/pages\/2579\/revisions"}],"predecessor-version":[{"id":2582,"href":"https:\/\/sensualtouchbudapest.com\/hu_hu\/wp-json\/wp\/v2\/pages\/2579\/revisions\/2582"}],"wp:attachment":[{"href":"https:\/\/sensualtouchbudapest.com\/hu_hu\/wp-json\/wp\/v2\/media?parent=2579"}],"curies":[{"name":"wp","href":"https:\/\/api.w.org\/{rel}","templated":true}]}}